{"id":5248,"date":"2024-12-20T12:46:04","date_gmt":"2024-12-20T05:46:04","guid":{"rendered":"https:\/\/infina.vn\/ho-tro\/?page_id=5248"},"modified":"2024-12-20T12:54:39","modified_gmt":"2024-12-20T05:54:39","slug":"hotline","status":"publish","type":"page","link":"https:\/\/infina.vn\/ho-tro\/faq\/hotline\/","title":{"rendered":"C\u00e1c k\u00eanh li\u00ean h\u1ec7 ch\u00ednh th\u1ee9c c\u1ee7a Infina"},"content":{"rendered":"<p>K\u00ednh g\u1eedi Qu\u00fd Kh\u00e1ch H\u00e0ng<\/p>\n<p>Trong tr\u01b0\u1eddng h\u1ee3p c\u1ea7n h\u1ed7 tr\u1ee3, vui l\u00f2ng li\u00ean h\u1ec7 qua c\u00e1c k\u00eanh ch\u00ednh th\u1ee9c sau c\u1ee7a Infina<\/p>\n<p>&#8211; Hotline:\u00a0<a href=\"tel:0899909928\" target=\"_blank\" rel=\"noopener noreferrer\">08 9990 9928<\/a><\/p>\n<p>&#8211; Chat qua Zalo: <a href=\"https:\/\/zalo.me\/2697482876324982841\">Infina Official &#8211; InfinaVN<\/a><\/p>\n<p>&#8211; Email:\u00a0<a title=\"hotro@infina.vn\" href=\"mailto:hotro@infina.vn\" target=\"_blank\" rel=\"noopener noreferrer\">hotro@infina.vn<\/a><\/p>\n<p>&#8211; H\u1ed7 tr\u1ee3 tr\u1ef1c tuy\u1ebfn:\u00a0<a role=\"link\" href=\"https:\/\/wizrocketmail.net\/r?e=Kw1qGR8FYwB6Ywh9DSZjfAsEBAZgJCw1ICQsNQMBBgJnbmQ3FxohLkFDWFs5BTEkODE7LnJwTQUrPyQuOS4uBV1EWFI%2BOTM%2FPjU8a3FcWFc8PzY3LHglMUBbbl0zeGhpZm1heAsJAQNvYw15Z2hmegABBxZ7eCUxJTENO1tGXkB1YHA8LSg5FFZVV1UiNiZpKg%3D%3D&amp;r=https%3A%2F%2Fm.me%2Finfinavietnam%3Ffbclid%3DIwAR21-R8n5i7M_dZrSakgpTc7_cu1uD3tQ5eMlLm7dfX0_RfpLvFzHvCj9r4&amp;c=650270880&amp;token=GlVXAgBWAggFAwg%3D&amp;try=1&amp;$follow_redirect=true\" target=\"_blank\" rel=\"nofollow noopener noreferrer\" data-saferedirecturl=\"https:\/\/www.google.com\/url?q=https:\/\/wizrocketmail.net\/r?e%3DKw1qGR8FYwB6Ywh9DSZjfAsEBAZgJCw1ICQsNQMBBgJnbmQ3FxohLkFDWFs5BTEkODE7LnJwTQUrPyQuOS4uBV1EWFI%252BOTM%252FPjU8a3FcWFc8PzY3LHglMUBbbl0zeGhpZm1heAsJAQNvYw15Z2hmegABBxZ7eCUxJTENO1tGXkB1YHA8LSg5FFZVV1UiNiZpKg%253D%253D%26r%3Dhttps%253A%252F%252Fm.me%252Finfinavietnam%253Ffbclid%253DIwAR21-R8n5i7M_dZrSakgpTc7_cu1uD3tQ5eMlLm7dfX0_RfpLvFzHvCj9r4%26c%3D650270880%26token%3DGlVXAgBWAggFAwg%253D%26try%3D1%26$follow_redirect%3Dtrue&amp;source=gmail&amp;ust=1734759825756000&amp;usg=AOvVaw3IYnaA-8GI8b7A-12iBedE\">http:\/\/m.me\/infinavietnam<\/a><\/p>\n<p>Th\u00e2n \u00e1i<\/p>\n","protected":false},"excerpt":{"rendered":"<p>K\u00ednh g\u1eedi Qu\u00fd Kh\u00e1ch H\u00e0ng Trong tr\u01b0\u1eddng h\u1ee3p c\u1ea7n h\u1ed7 tr\u1ee3, vui l\u00f2ng li\u00ean h\u1ec7 qua c\u00e1c k\u00eanh ch\u00ednh th\u1ee9c sau c\u1ee7a Infina &#8211; Hotline:\u00a008 9990 9928 &#8211; Chat qua Zalo: Infina Official &#8211; InfinaVN &#8211; Email:\u00a0hotro@infina.vn &#8211; H\u1ed7 tr\u1ee3 tr\u1ef1c tuy\u1ebfn:\u00a0http:\/\/m.me\/infinavietnam Th\u00e2n \u00e1i<\/p>\n","protected":false},"author":30,"featured_media":0,"parent":16,"menu_order":0,"comment_status":"closed","ping_status":"closed","template":"","meta":[],"_links":{"self":[{"href":"https:\/\/infina.vn\/ho-tro\/wp-json\/wp\/v2\/pages\/5248"}],"collection":[{"href":"https:\/\/infina.vn\/ho-tro\/wp-json\/wp\/v2\/pages"}],"about":[{"href":"https:\/\/infina.vn\/ho-tro\/wp-json\/wp\/v2\/types\/page"}],"author":[{"embeddable":true,"href":"https:\/\/infina.vn\/ho-tro\/wp-json\/wp\/v2\/users\/30"}],"replies":[{"embeddable":true,"href":"https:\/\/infina.vn\/ho-tro\/wp-json\/wp\/v2\/comments?post=5248"}],"version-history":[{"count":1,"href":"https:\/\/infina.vn\/ho-tro\/wp-json\/wp\/v2\/pages\/5248\/revisions"}],"predecessor-version":[{"id":5249,"href":"https:\/\/infina.vn\/ho-tro\/wp-json\/wp\/v2\/pages\/5248\/revisions\/5249"}],"up":[{"embeddable":true,"href":"https:\/\/infina.vn\/ho-tro\/wp-json\/wp\/v2\/pages\/16"}],"wp:attachment":[{"href":"https:\/\/infina.vn\/ho-tro\/wp-json\/wp\/v2\/media?parent=5248"}],"curies":[{"name":"wp","href":"https:\/\/api.w.org\/{rel}","templated":true}]}}